{"id":4646,"date":"2024-09-10T11:30:13","date_gmt":"2024-09-10T18:30:13","guid":{"rendered":"http:\/\/staging.christmasinthepark.com\/antes-de-irte-espectaculo-de-luces\/"},"modified":"2024-12-14T15:40:44","modified_gmt":"2024-12-14T23:40:44","slug":"antes-de-irte-espectaculo-de-luces","status":"publish","type":"page","link":"https:\/\/staging.christmasinthepark.com\/es\/eventos\/espectaculo-de-luces-drive-thru\/antes-de-irte-espectaculo-de-luces\/","title":{"rendered":"Antes de Irte &#8211; Espect\u00e1culo de Luces"},"content":{"rendered":"\n<p><\/p>\n\n<p><strong>Localizaci\u00f3n:<\/strong> Parque de la Historia de San Jos\u00e9<br\/><strong>Direcci\u00f3n GPS:<\/strong> 799 Phelan Ave, San Jos\u00e9, 95112<\/p>\n\n<div class=\"wp-block-columns are-vertically-aligned-center is-layout-flex wp-container-core-columns-is-layout-9d6595d7 wp-block-columns-is-layout-flex\">\n<div class=\"wp-block-column is-vertically-aligned-center is-layout-flow wp-block-column-is-layout-flow\" style=\"flex-basis:66.66%\">\n<p><strong>Antes de irte:<\/strong><\/p>\n\n\n\n<ul class=\"wp-block-list\">\n<li>Ten preparado tu c\u00f3digo QR. Estar\u00e1 en tu correo electr\u00f3nico de confirmaci\u00f3n. Si no lo encuentras, estaremos encantados de ayudarte.    <\/li>\n\n\n\n<li>Aseg\u00farate de poner la direcci\u00f3n correcta en el GPS. La entrada est\u00e1 al final de la avenida Phelan, en el gran aparcamiento.  <\/li>\n\n\n\n<li>Sintoniza tu radio en <strong>93.5 FM<\/strong> para disfrutar del espect\u00e1culo de luces sincronizadas mientras conduces.<\/li>\n<\/ul>\n\n\n\n<p><strong>Los detalles<\/strong><\/p>\n\n\n\n<ul class=\"wp-block-list\">\n<li>Por favor, entra en Phelan por la calle 10 y cruza Senter. No se puede girar a la izquierda ni a la derecha desde Senter hacia Phelan para evitar la congesti\u00f3n del tr\u00e1fico. <\/li>\n\n\n\n<li>No se pueden acomodar veh\u00edculos de m\u00e1s de 2 metros. Un tope de altura amarillo en la entrada indica el l\u00edmite de altura.  <\/li>\n\n\n\n<li>Los miembros del personal llevan chalecos rojos y bastones luminosos para guiarte hasta la entrada. Por favor, respeta sus instrucciones y sigue sus indicaciones. <\/li>\n\n\n\n<li>Por seguridad, permanece en tu veh\u00edculo durante todo el recorrido.<\/li>\n\n\n\n<li>Hay aseos port\u00e1tiles limitados en el aparcamiento de la cola de entradas. No hay aseos al final del evento. <\/li>\n\n\n\n<li>Tus familiares peludos de cuatro patas son bienvenidos a nuestro evento de drive thru. Por favor, mant\u00e9n a tus mascotas seguras dentro del coche en todo momento.<\/li>\n\n\n\n<li>No dejes de visitar nuestra experiencia a pie en el Parque de la Plaza de C\u00e9sar Ch\u00e1vez. Est\u00e1 a s\u00f3lo unos minutos del final del recorrido en coche. Introduce 194 S. Market St. San Jose, CA 95113 en tu GPS o haz clic aqu\u00ed <a href=\"\" data-type=\"\" data-id=\"\">https:\/\/g.co\/kgs\/Jn7BVtN<\/a>     <\/li>\n<\/ul>\n<\/div>\n<\/div>\n\n<p><\/p>\n\n<p>\u00bfNecesitas ayuda? <strong>Llama o env\u00eda un mensaje <\/strong>al 408 271-9627<\/p>\n\n<p>Y gracias por tu apoyo. Tu compra de entradas mantiene encendidas las luces del centro de eventos gratuitos, que disfrutan m\u00e1s de 700.000 invitados al a\u00f1o.   <\/p>\n","protected":false},"excerpt":{"rendered":"<p><!-- Built With Bricks --><\/p>\n","protected":false},"author":4,"featured_media":0,"parent":4682,"menu_order":0,"comment_status":"closed","ping_status":"closed","template":"","meta":{"footnotes":""},"class_list":["post-4646","page","type-page","status-publish","hentry"],"acpt":{"meta":[]},"_links":{"self":[{"href":"https:\/\/staging.christmasinthepark.com\/es\/wp-json\/wp\/v2\/pages\/4646","targetHints":{"allow":["GET"]}}],"collection":[{"href":"https:\/\/staging.christmasinthepark.com\/es\/wp-json\/wp\/v2\/pages"}],"about":[{"href":"https:\/\/staging.christmasinthepark.com\/es\/wp-json\/wp\/v2\/types\/page"}],"author":[{"embeddable":true,"href":"https:\/\/staging.christmasinthepark.com\/es\/wp-json\/wp\/v2\/users\/4"}],"replies":[{"embeddable":true,"href":"https:\/\/staging.christmasinthepark.com\/es\/wp-json\/wp\/v2\/comments?post=4646"}],"version-history":[{"count":0,"href":"https:\/\/staging.christmasinthepark.com\/es\/wp-json\/wp\/v2\/pages\/4646\/revisions"}],"up":[{"embeddable":true,"href":"https:\/\/staging.christmasinthepark.com\/es\/wp-json\/wp\/v2\/pages\/4682"}],"wp:attachment":[{"href":"https:\/\/staging.christmasinthepark.com\/es\/wp-json\/wp\/v2\/media?parent=4646"}],"curies":[{"name":"wp","href":"https:\/\/api.w.org\/{rel}","templated":true}]}}