{"id":5522,"date":"2024-11-22T01:23:07","date_gmt":"2024-11-22T09:23:07","guid":{"rendered":"http:\/\/staging.christmasinthepark.com\/eventos\/experimenta-el-espectaculo-de-luces-drive-thru-copia\/"},"modified":"2025-01-01T19:47:43","modified_gmt":"2025-01-02T03:47:43","slug":"experimenta-el-espectaculo-de-luces-drive-thru-copia","status":"publish","type":"page","link":"https:\/\/staging.christmasinthepark.com\/es\/eventos\/experimenta-el-espectaculo-de-luces-drive-thru-copia\/","title":{"rendered":"Experimenta el espect\u00e1culo de luces Drive Thru"},"content":{"rendered":"\n<div class=\"wp-block-columns is-layout-flex wp-container-core-columns-is-layout-9d6595d7 wp-block-columns-is-layout-flex\">\n<div class=\"wp-block-column is-vertically-aligned-center is-layout-flow wp-block-column-is-layout-flow\" style=\"flex-basis:50%\">\n<p>Abre el 21 de noviembre y cierra el 31 de diciembre<\/p>\n\n\n\n<p>Los billetes deben comprarse con antelaci\u00f3n.  <br\/>Situado en History San Jose, en el 799 de Phelan Avenue.<\/p>\n\n\n\n<p>\u00a1Vive la magia de la Navidad en el Parque como nunca antes! Desde 2020, nuestro espect\u00e1culo de luces Drive Thru ha llevado la alegr\u00eda navide\u00f1a a la comunidad. Navega por deslumbrantes t\u00faneles de luz, edificios festivos y gigantescos bastones de caramelo, todo sincronizado con tus melod\u00edas navide\u00f1as favoritas. \u00a1No te lo pierdas abre del 21 de noviembre al 1 de enero!<\/p>\n\n\n\n<p>Nuestro espect\u00e1culo de luces Drive Thru es una importante recaudaci\u00f3n de fondos para nuestra organizaci\u00f3n sin \u00e1nimo de lucro.\nCon la compra de tu entrada, m\u00e1s de 700.000 personas pueden disfrutar gratuitamente de nuestra experiencia en el centro de la ciudad.\nGracias por tu apoyo.  <\/p>\n\n\n\n<p>Las vacaciones llegar\u00e1n antes de que te des cuenta, y seguro que esta experiencia m\u00e1gica se agota r\u00e1pidamente.\nAdem\u00e1s, con nuestra pol\u00edtica de reservas flexible, puedes cambiar tu reserva cuando lo necesites (sujeto a disponibilidad). <\/p>\n\n\n\n<div class=\"wp-block-buttons is-layout-flex wp-block-buttons-is-layout-flex\">\n<div class=\"wp-block-button\" style=\"text-decoration:none\"><a class=\"wp-block-button__link wp-element-button\" href=\"https:\/\/fareharbor.com\/embeds\/book\/christmasinthepark\/items\/calendar\/?ref=BAP-Pop&amp;flow=1262892\" target=\"_blank\" rel=\"noreferrer noopener\">Comprar ahora desde 25 $\/coche<\/a><\/div>\n<\/div>\n<\/div>\n\n\n\n<div class=\"wp-block-column is-layout-flow wp-block-column-is-layout-flow\" style=\"flex-basis:50%\">\n<figure class=\"wp-block-video\"><video controls=\"\" src=\"http:\/\/staging.christmasinthepark.com\/wp-content\/uploads\/2024\/11\/Meta-Video-1024x1024-1.webm\"><\/video><\/figure>\n<\/div>\n<\/div>\n<p>[fareharbor shortname=&#8221;christmasinthepark&#8221; fallback=&#8221;simple&#8221; full_items=&#8221;yes&#8221; ref=&#8221;BAP-Pop&#8221; flow=&#8221;1262892&#8243; items=&#8221;546273&#8243; type=&#8221;responsive&#8221;]<\/p>\n\n<p><strong>Opciones de entradas<\/strong><\/p>\n\n<ul class=\"wp-block-list\">\n<li><a href=\"https:\/\/fareharbor.com\/embeds\/book\/christmasinthepark\/items\/546273\/?full-items=yes\" target=\"_blank\" rel=\"noreferrer noopener\">25 $ de domingo a jueves<\/a><\/li>\n\n\n\n<li><a href=\"https:\/\/fareharbor.com\/embeds\/book\/christmasinthepark\/items\/546273\/?full-items=yes\" target=\"_blank\" rel=\"noreferrer noopener\">30 $ viernes y s\u00e1bado<\/a><\/li>\n\n\n\n<li><a href=\"https:\/\/fareharbor.com\/embeds\/book\/christmasinthepark\/items\/546414\/calendar\/?full-items=yes\" data-type=\"link\" data-id=\"https:\/\/fareharbor.com\/embeds\/book\/christmasinthepark\/items\/546414\/calendar\/?full-items=yes\" target=\"_blank\" rel=\"noreferrer noopener\">Paquete de cinco vales regalo de 115 $ v\u00e1lido en cualquier momento.<\/a><\/li>\n\n\n\n<li><a href=\"https:\/\/fareharbor.com\/embeds\/book\/christmasinthepark\/items\/546414\/calendar\/?full-items=yes\" data-type=\"page\" data-id=\"3851\" target=\"_blank\" rel=\"noreferrer noopener\">Paquete de 225 Vales regalo v\u00e1lidos en cualquier momento<\/a><a href=\"https:\/\/fareharbor.com\/embeds\/book\/christmasinthepark\/items\/546414\/calendar\/?full-items=yes\" data-type=\"page\" data-id=\"3851\">.<\/a><\/li>\n<\/ul>\n\n<p><\/p>\n","protected":false},"excerpt":{"rendered":"<p>Abre el 21 de noviembre y cierra el 31 de diciembre Los billetes deben comprarse con antelaci\u00f3n. Situado en History San Jose, en el 799 de Phelan Avenue. \u00a1Vive la magia de la Navidad en el Parque como nunca antes! Desde 2020, nuestro espect\u00e1culo de luces Drive Thru ha llevado la alegr\u00eda navide\u00f1a a la [&hellip;]<\/p>\n","protected":false},"author":4,"featured_media":0,"parent":4572,"menu_order":0,"comment_status":"closed","ping_status":"closed","template":"","meta":{"footnotes":""},"class_list":["post-5522","page","type-page","status-publish","hentry"],"acpt":{"meta":[]},"_links":{"self":[{"href":"https:\/\/staging.christmasinthepark.com\/es\/wp-json\/wp\/v2\/pages\/5522","targetHints":{"allow":["GET"]}}],"collection":[{"href":"https:\/\/staging.christmasinthepark.com\/es\/wp-json\/wp\/v2\/pages"}],"about":[{"href":"https:\/\/staging.christmasinthepark.com\/es\/wp-json\/wp\/v2\/types\/page"}],"author":[{"embeddable":true,"href":"https:\/\/staging.christmasinthepark.com\/es\/wp-json\/wp\/v2\/users\/4"}],"replies":[{"embeddable":true,"href":"https:\/\/staging.christmasinthepark.com\/es\/wp-json\/wp\/v2\/comments?post=5522"}],"version-history":[{"count":0,"href":"https:\/\/staging.christmasinthepark.com\/es\/wp-json\/wp\/v2\/pages\/5522\/revisions"}],"up":[{"embeddable":true,"href":"https:\/\/staging.christmasinthepark.com\/es\/wp-json\/wp\/v2\/pages\/4572"}],"wp:attachment":[{"href":"https:\/\/staging.christmasinthepark.com\/es\/wp-json\/wp\/v2\/media?parent=5522"}],"curies":[{"name":"wp","href":"https:\/\/api.w.org\/{rel}","templated":true}]}}