{"id":5197,"date":"2024-10-22T15:08:39","date_gmt":"2024-10-22T22:08:39","guid":{"rendered":"http:\/\/staging.christmasinthepark.com\/su-kien\/trai-nghiem-chuong-trinh-bieu-dien-anh-sang-drive-thru-11\/"},"modified":"2025-01-01T19:46:52","modified_gmt":"2025-01-02T03:46:52","slug":"trai-nghiem-chuong-trinh-bieu-dien-anh-sang-drive-thru-11","status":"publish","type":"page","link":"https:\/\/staging.christmasinthepark.com\/vi\/su-kien\/trai-nghiem-chuong-trinh-bieu-dien-anh-sang-drive-thru-11\/","title":{"rendered":"Tr\u1ea3i nghi\u1ec7m ch\u01b0\u01a1ng tr\u00ecnh bi\u1ec3u di\u1ec5n \u00e1nh s\u00e1ng Drive Thru"},"content":{"rendered":"\n<div class=\"wp-block-columns is-layout-flex wp-container-core-columns-is-layout-9d6595d7 wp-block-columns-is-layout-flex\">\n<div class=\"wp-block-column is-vertically-aligned-center is-layout-flow wp-block-column-is-layout-flow\" style=\"flex-basis:50%\">\n<p>M\u1edf c\u1eeda ng\u00e0y 21 th\u00e1ng 11 v\u00e0 \u0111\u00f3ng c\u1eeda ng\u00e0y 31 th\u00e1ng 12<\/p>\n\n\n\n<p>V\u00e9 ph\u1ea3i \u0111\u01b0\u1ee3c mua tr\u01b0\u1edbc.  <br\/>T\u1ecda l\u1ea1c t\u1ea1i History San Jose, s\u1ed1 799 Phelan Avenue.<\/p>\n\n\n\n<p>Tr\u1ea3i nghi\u1ec7m s\u1ef1 k\u1ef3 di\u1ec7u c\u1ee7a Gi\u00e1ng sinh trong C\u00f4ng vi\u00ean theo c\u00e1ch ch\u01b0a t\u1eebng c\u00f3! K\u1ec3 t\u1eeb n\u0103m 2020, Ch\u01b0\u01a1ng tr\u00ecnh Tr\u00ecnh di\u1ec5n \u00c1nh s\u00e1ng Drive Thru c\u1ee7a ch\u00fang t\u00f4i \u0111\u00e3 mang \u0111\u1ebfn ni\u1ec1m vui ng\u00e0y l\u1ec5 cho c\u1ed9ng \u0111\u1ed3ng. \u0110i qua c\u00e1c \u0111\u01b0\u1eddng h\u1ea7m \u00e1nh s\u00e1ng r\u1ef1c r\u1ee1, c\u00e1c t\u00f2a nh\u00e0 l\u1ec5 h\u1ed9i v\u00e0 nh\u1eefng c\u00e2y k\u1eb9o kh\u1ed5ng l\u1ed3, t\u1ea5t c\u1ea3 \u0111\u1ec1u \u0111\u01b0\u1ee3c \u0111\u1ed3ng b\u1ed9 v\u1edbi c\u00e1c giai \u0111i\u1ec7u ng\u00e0y l\u1ec5 y\u00eau th\u00edch c\u1ee7a b\u1ea1n. \u0110\u1eebng b\u1ecf l\u1ee1, ch\u01b0\u01a1ng tr\u00ecnh m\u1edf c\u1eeda t\u1eeb ng\u00e0y 21 th\u00e1ng 11 \u0111\u1ebfn ng\u00e0y 1 th\u00e1ng 1!   <\/p>\n\n\n\n<p>Ch\u01b0\u01a1ng tr\u00ecnh Drive Thru Light Show c\u1ee7a ch\u00fang t\u00f4i l\u00e0 m\u1ed9t ho\u1ea1t \u0111\u1ed9ng g\u00e2y qu\u1ef9 l\u1edbn cho t\u1ed5 ch\u1ee9c phi l\u1ee3i nhu\u1eadn c\u1ee7a ch\u00fang t\u00f4i. Vi\u1ec7c mua v\u00e9 c\u1ee7a b\u1ea1n gi\u00fap ch\u00fang t\u00f4i c\u00f3 th\u1ec3 tr\u1ea3i nghi\u1ec7m mi\u1ec5n ph\u00ed t\u1ea1i trung t\u00e2m th\u00e0nh ph\u1ed1 cho h\u01a1n 700.000 ng\u01b0\u1eddi. C\u1ea3m \u01a1n s\u1ef1 \u1ee7ng h\u1ed9 c\u1ee7a b\u1ea1n.  <\/p>\n\n\n\n<p>K\u1ef3 ngh\u1ec9 s\u1ebd \u0111\u1ebfn tr\u01b0\u1edbc khi b\u1ea1n bi\u1ebft \u0111i\u1ec1u \u0111\u00f3, v\u00e0 tr\u1ea3i nghi\u1ec7m k\u1ef3 di\u1ec7u n\u00e0y ch\u1eafc ch\u1eafn s\u1ebd nhanh ch\u00f3ng h\u1ebft v\u00e9. Th\u00eam v\u00e0o \u0111\u00f3, v\u1edbi ch\u00ednh s\u00e1ch \u0111\u1eb7t ph\u00f2ng linh ho\u1ea1t c\u1ee7a ch\u00fang t\u00f4i, b\u1ea1n c\u00f3 th\u1ec3 thay \u0111\u1ed5i \u0111\u1eb7t ph\u00f2ng khi c\u1ea7n (t\u00f9y thu\u1ed9c v\u00e0o t\u00ecnh tr\u1ea1ng ph\u00f2ng tr\u1ed1ng). <\/p>\n\n\n\n<div class=\"wp-block-buttons is-layout-flex wp-block-buttons-is-layout-flex\">\n<div class=\"wp-block-button\" style=\"text-decoration:none\"><a class=\"wp-block-button__link wp-element-button\" href=\"https:\/\/fareharbor.com\/embeds\/book\/christmasinthepark\/items\/calendar\/?ref=rb_meta_8&amp;flow=1262892\" target=\"_blank\" rel=\"noreferrer noopener\">Mua ngay ch\u1ec9 v\u1edbi gi\u00e1 25 \u0111\u00f4 la\/xe<\/a><\/div>\n<\/div>\n<\/div>\n\n\n\n<div class=\"wp-block-column is-layout-flow wp-block-column-is-layout-flow\" style=\"flex-basis:50%\">\n<figure class=\"wp-block-video\"><video controls=\"\" src=\"http:\/\/staging.christmasinthepark.com\/wp-content\/uploads\/2024\/11\/Meta-Video-1024x1024-1.webm\"><\/video><\/figure>\n<\/div>\n<\/div>\n<p>[fareharbor shortname=&#8221;christmasinthepark&#8221; fallback=&#8221;simple&#8221; full_items=&#8221;yes&#8221; ref=&#8221;rb_meta_8&#8243; flow=&#8221;1262892&#8243; items=&#8221;546273&#8243; type=&#8221;responsive&#8221;]<\/p>\n\n<p class=\"margin-top-l\"><strong>T\u00f9y ch\u1ecdn v\u00e9<\/strong><\/p>\n\n<ul class=\"wp-block-list\">\n<li><a href=\"https:\/\/fareharbor.com\/embeds\/book\/christmasinthepark\/items\/546273\/?full-items=yes\">$25 t\u1eeb Ch\u1ee7 Nh\u1eadt \u0111\u1ebfn Th\u1ee9 N\u0103m<\/a><\/li>\n\n\n\n<li><a href=\"https:\/\/fareharbor.com\/embeds\/book\/christmasinthepark\/items\/546273\/?full-items=yes\">$30 Th\u1ee9 s\u00e1u v\u00e0 th\u1ee9 b\u1ea3y<\/a><\/li>\n\n\n\n<li><a href=\"https:\/\/fareharbor.com\/embeds\/book\/christmasinthepark\/items\/546414\/calendar\/?full-items=yes\">B\u1ed9 n\u0103m phi\u1ebfu qu\u00e0 t\u1eb7ng tr\u1ecb gi\u00e1 115 \u0111\u00f4 la c\u00f3 gi\u00e1 tr\u1ecb b\u1ea5t k\u1ef3 l\u00fac n\u00e0o.<\/a><\/li>\n\n\n\n<li><a href=\"https:\/\/fareharbor.com\/embeds\/book\/christmasinthepark\/items\/546414\/calendar\/?full-items=yes\">B\u1ed9 m\u01b0\u1eddi phi\u1ebfu qu\u00e0 t\u1eb7ng tr\u1ecb gi\u00e1 225 \u0111\u00f4 la c\u00f3 gi\u00e1 tr\u1ecb b\u1ea5t k\u1ef3 l\u00fac n\u00e0o.<\/a><\/li>\n<\/ul>\n\n<p><\/p>\n\n<p><\/p>\n\n<p><\/p>\n","protected":false},"excerpt":{"rendered":"<p>M\u1edf c\u1eeda ng\u00e0y 21 th\u00e1ng 11 v\u00e0 \u0111\u00f3ng c\u1eeda ng\u00e0y 31 th\u00e1ng 12 V\u00e9 ph\u1ea3i \u0111\u01b0\u1ee3c mua tr\u01b0\u1edbc. T\u1ecda l\u1ea1c t\u1ea1i History San Jose, s\u1ed1 799 Phelan Avenue. Tr\u1ea3i nghi\u1ec7m s\u1ef1 k\u1ef3 di\u1ec7u c\u1ee7a Gi\u00e1ng sinh trong C\u00f4ng vi\u00ean theo c\u00e1ch ch\u01b0a t\u1eebng c\u00f3! K\u1ec3 t\u1eeb n\u0103m 2020, Ch\u01b0\u01a1ng tr\u00ecnh Tr\u00ecnh di\u1ec5n \u00c1nh s\u00e1ng Drive [&hellip;]<\/p>\n","protected":false},"author":4,"featured_media":0,"parent":4996,"menu_order":0,"comment_status":"closed","ping_status":"closed","template":"","meta":{"footnotes":""},"class_list":["post-5197","page","type-page","status-publish","hentry"],"acpt":{"meta":[]},"_links":{"self":[{"href":"https:\/\/staging.christmasinthepark.com\/vi\/wp-json\/wp\/v2\/pages\/5197","targetHints":{"allow":["GET"]}}],"collection":[{"href":"https:\/\/staging.christmasinthepark.com\/vi\/wp-json\/wp\/v2\/pages"}],"about":[{"href":"https:\/\/staging.christmasinthepark.com\/vi\/wp-json\/wp\/v2\/types\/page"}],"author":[{"embeddable":true,"href":"https:\/\/staging.christmasinthepark.com\/vi\/wp-json\/wp\/v2\/users\/4"}],"replies":[{"embeddable":true,"href":"https:\/\/staging.christmasinthepark.com\/vi\/wp-json\/wp\/v2\/comments?post=5197"}],"version-history":[{"count":0,"href":"https:\/\/staging.christmasinthepark.com\/vi\/wp-json\/wp\/v2\/pages\/5197\/revisions"}],"up":[{"embeddable":true,"href":"https:\/\/staging.christmasinthepark.com\/vi\/wp-json\/wp\/v2\/pages\/4996"}],"wp:attachment":[{"href":"https:\/\/staging.christmasinthepark.com\/vi\/wp-json\/wp\/v2\/media?parent=5197"}],"curies":[{"name":"wp","href":"https:\/\/api.w.org\/{rel}","templated":true}]}}